{"id":3492,"date":"2025-01-29T15:40:57","date_gmt":"2025-01-29T15:40:57","guid":{"rendered":"https:\/\/www.sitrakaratsimba.com\/?page_id=3492"},"modified":"2025-11-15T06:47:12","modified_gmt":"2025-11-15T06:47:12","slug":"about","status":"publish","type":"page","link":"https:\/\/www.sitrakaratsimba.com\/fr\/about\/","title":{"rendered":"A propos"},"content":{"rendered":"<div data-elementor-type=\"wp-page\" data-elementor-id=\"3492\" class=\"elementor elementor-3492\">\n\t\t\t\t<div class=\"elementor-element elementor-element-c26f6d0 e-flex e-con-boxed e-con e-parent\" data-id=\"c26f6d0\" data-element_type=\"container\">\n\t\t\t\t\t<div class=\"e-con-inner\">\n\t\t<div class=\"elementor-element elementor-element-c1c7b83 e-con-full e-flex e-con e-child\" data-id=\"c1c7b83\" data-element_type=\"container\">\n\t\t\t\t<div class=\"elementor-element elementor-element-c22f3f8 elementor-widget elementor-widget-video\" data-id=\"c22f3f8\" data-element_type=\"widget\" data-settings=\"{&quot;youtube_url&quot;:&quot;https:\\\/\\\/www.youtube.com\\\/watch?v=mVowNdxEo_I&quot;,&quot;video_type&quot;:&quot;youtube&quot;,&quot;controls&quot;:&quot;yes&quot;}\" data-widget_type=\"video.default\">\n\t\t\t\t<div class=\"elementor-widget-container\">\n\t\t\t\t\t\t\t<div class=\"elementor-wrapper elementor-open-inline\">\n\t\t\t<div class=\"elementor-video\"><\/div>\t\t<\/div>\n\t\t\t\t\t\t<\/div>\n\t\t\t\t<\/div>\n\t\t\t\t<\/div>\n\t\t<div class=\"elementor-element elementor-element-072d2e0 e-con-full e-flex e-con e-child\" data-id=\"072d2e0\" data-element_type=\"container\">\n\t\t\t\t<div class=\"elementor-element elementor-element-7cfb977 elementor-widget elementor-widget-video\" data-id=\"7cfb977\" data-element_type=\"widget\" data-settings=\"{&quot;youtube_url&quot;:&quot;https:\\\/\\\/youtu.be\\\/92cmU-GVopE&quot;,&quot;video_type&quot;:&quot;youtube&quot;,&quot;controls&quot;:&quot;yes&quot;}\" data-widget_type=\"video.default\">\n\t\t\t\t<div class=\"elementor-widget-container\">\n\t\t\t\t\t\t\t<div class=\"elementor-wrapper elementor-open-inline\">\n\t\t\t<div class=\"elementor-video\"><\/div>\t\t<\/div>\n\t\t\t\t\t\t<\/div>\n\t\t\t\t<\/div>\n\t\t\t\t<\/div>\n\t\t\t\t\t<\/div>\n\t\t\t\t<\/div>\n\t\t\t\t<section class=\"elementor-section elementor-top-section elementor-element elementor-element-22ed19b4 elementor-section-boxed elementor-section-height-default elementor-section-height-default\" data-id=\"22ed19b4\" data-element_type=\"section\">\n\t\t\t\t\t\t<div class=\"elementor-container elementor-column-gap-default\">\n\t\t\t\t\t<div class=\"elementor-column elementor-col-100 elementor-top-column elementor-element elementor-element-2e6b53c9\" data-id=\"2e6b53c9\" data-element_type=\"column\">\n\t\t\t<div class=\"elementor-widget-wrap elementor-element-populated\">\n\t\t\t\t\t\t<div class=\"elementor-element elementor-element-67372798 elementor-widget elementor-widget-text-editor\" data-id=\"67372798\" data-element_type=\"widget\" data-widget_type=\"text-editor.default\">\n\t\t\t\t<div class=\"elementor-widget-container\">\n\t\t\t\t\t\t\t\t\t<div id=\"pl-778\" class=\"panel-layout\"><div id=\"pg-778-0\" class=\"panel-grid panel-no-style\" data-style=\"{&quot;cell_alignment&quot;:&quot;flex-start&quot;,&quot;background_image_repeat&quot;:&quot;&quot;,&quot;no_margin&quot;:&quot;&quot;}\" data-ratio=\"1\" data-ratio-direction=\"right\"><div id=\"pgc-778-0-0\" class=\"panel-grid-cell\" data-weight=\"0.75011845619275\"><div id=\"panel-778-0-0-0\" class=\"so-panel widget widget_sow-editor panel-first-child panel-last-child\" data-index=\"0\" data-style=\"{&quot;background_image_attachment&quot;:false,&quot;background_display&quot;:&quot;tile&quot;}\"><div class=\"so-widget-sow-editor so-widget-sow-editor-base\"><div class=\"siteorigin-widget-tinymce textwidget\"><h2 style=\"text-align: justify;\"><span style=\"font-size: 14pt;\"><img fetchpriority=\"high\" decoding=\"async\" class=\"aligncenter wp-image-1164 size-full\" src=\"https:\/\/www.sitrakaratsimba.com\/wp-content\/uploads\/2020\/03\/koko.jpg\" alt=\"sitraka ratsimba about\" width=\"2048\" height=\"405\" srcset=\"https:\/\/www.sitrakaratsimba.com\/wp-content\/uploads\/2020\/03\/koko.jpg 2048w, https:\/\/www.sitrakaratsimba.com\/wp-content\/uploads\/2020\/03\/koko-300x59.jpg 300w, https:\/\/www.sitrakaratsimba.com\/wp-content\/uploads\/2020\/03\/koko-1024x203.jpg 1024w, https:\/\/www.sitrakaratsimba.com\/wp-content\/uploads\/2020\/03\/koko-768x152.jpg 768w, https:\/\/www.sitrakaratsimba.com\/wp-content\/uploads\/2020\/03\/koko-1536x304.jpg 1536w\" sizes=\"(max-width: 2048px) 100vw, 2048px\" \/><\/span><\/h2><h1 style=\"text-align: justify;\"><span style=\"font-size: 14pt;\"><strong>Welcome<\/strong><\/span><\/h1><blockquote><h2>I help aspiring entrepreneurs who are dissatisfied with their lives create automated online businesses so they can enjoy financial and geographical freedom.<\/h2><\/blockquote><p data-path-to-node=\"6\">Hi, I&#8217;m Sitraka Ratsimba, an enthusiastic digital nomad and a citizen of the world. I became a full-time blogger and business coach a year ago when I quit my corporate job.<\/p><p data-path-to-node=\"7\">But before that, I was living in the corporate world, caught in the rat race, and climbing the ladder of success like most people.<\/p><p data-path-to-node=\"8\">Perhaps like you, I always dreamt of starting my own business, achieving financial freedom, and traveling all over the world.<\/p><p data-path-to-node=\"9\">Due to the significant capital involved, this project never materialized because I needed to pay my bills and couldn&#8217;t afford to take risks.<\/p><p data-path-to-node=\"10\">My environment never encouraged me to start my own business. I used to work from 9:00 AM to 6:00 PM with only an hour break. I seriously considered leaving the company, but I knew no one would hire me with my professional background at that time. Where I was born, 80% of the population lives on less than $2 per day, defining the threshold of extreme poverty. Multinational companies outsource almost everything to my country because we have a qualified young workforce and extremely low labor costs.<\/p><p data-path-to-node=\"11\">I am passionate about personal development.<\/p><h2 style=\"text-align: justify;\">Digital Marketing Specialist and Personal Development Enthusiast<\/h2><p data-path-to-node=\"14\">In Chinese, they say: \u5343\u91cc\u4e4b\u884c\uff0c\u59cb\u65bc\u8db3\u4e0b (qi\u0101n l\u01d0 zh\u012b x\u00edng, sh\u01d0 y\u00fa z\u00fa xi\u00e0) or &#8220;A journey of a thousand miles begins with a single step.&#8221; Hello, I&#8217;m Sitraka Ratsimba, a Digital Marketing Specialist currently based in Madagascar. I want to focus more on business and entrepreneurship. I am passionate about personal development, business, books, hiking, and tea.<\/p><p data-path-to-node=\"15\">There is a notion called Ikigai in Japan, Dharma in Vedic philosophy, but simply put, it&#8217;s our reason for being. Considered your life mission, it is the combination of what you love to do, what you are good at, and what others could benefit from through you.<\/p><p style=\"text-align: justify;\"><span style=\"font-size: 14pt;\"><img decoding=\"async\" class=\"aligncenter size-medium wp-image-832\" src=\"https:\/\/www.sitrakaratsimba.com\/wp-content\/uploads\/2019\/09\/ikigai-baby-300x300.jpg\" alt=\"Sitraka Ratsimba ikigai\" width=\"300\" height=\"300\" srcset=\"https:\/\/www.sitrakaratsimba.com\/wp-content\/uploads\/2019\/09\/ikigai-baby-300x300.jpg 300w, https:\/\/www.sitrakaratsimba.com\/wp-content\/uploads\/2019\/09\/ikigai-baby-150x150.jpg 150w, https:\/\/www.sitrakaratsimba.com\/wp-content\/uploads\/2019\/09\/ikigai-baby-768x768.jpg 768w, https:\/\/www.sitrakaratsimba.com\/wp-content\/uploads\/2019\/09\/ikigai-baby.jpg 960w\" sizes=\"(max-width: 300px) 100vw, 300px\" \/><\/span><\/p><p data-path-to-node=\"16\">I discovered that I love public speaking, I live to grow, and I love to inspire others. At one point in my life, I wondered whether life had a meaning or not. It definitely does, but above all, we can create our own meaning. Speaking of contributions and added value, I believe I can contribute more by sharing knowledge, experiences, stories, and concrete examples to coach and inspire others.<\/p><p data-path-to-node=\"17\">I am from Madagascar\u2014and English is only my 3rd language. I speak 5 languages (English, French, Malagasy, Mandarin, and German). As a learner, I am fascinated by the learning process itself. I have read hundreds of books but never had the opportunity to focus and share what I&#8217;ve learned. That&#8217;s why I created this website.<\/p><h2 style=\"text-align: justify;\">Passion for Digital Marketing in Madagascar<\/h2><div class=\"font-claude-message relative leading-[1.65rem] [&amp;&gt;div&gt;div&gt;:is(p,ul,ol)]:pr-4 md:[&amp;&gt;div&gt;div&gt;:is(p,ul,ol)]:pr-8 [&amp;_pre&gt;div]:bg-bg-300 [&amp;_.ignore-pre-bg&gt;div]:bg-transparent\"><div class=\"grid-cols-1 grid gap-2.5 [&amp;_&gt;_*]:min-w-0\"><p class=\"whitespace-pre-wrap break-words\">I love personal <span class=\"citation-11 citation-end-11\">development, growth, and books. I spend most of my time either reading non-fiction books or watching videos of successful people (TEDx, biographies, and documentaries). My plan is to focus more on business development<\/span>, for which being a Digital Marketing Specialist is essential! In the long term, I would like to learn more about computer science.<\/p><\/div><\/div><div class=\"absolute -bottom-0 -right-1.5\"><div class=\"border-0.5 border-border-300 flex items-center translate-y-1\/2 rounded-lg shadow-sm transition bg-bg-000 p-1\"><div class=\"text-text-300 flex items-stretch justify-between gap-0.5\"><div class=\"flex gap-0.5\">\u00a0<\/div><\/div><\/div><\/div><p><img decoding=\"async\" class=\"aligncenter size-large wp-image-3537\" src=\"https:\/\/www.sitrakaratsimba.com\/wp-content\/uploads\/2025\/02\/IMG_0502-1-1024x683.webp\" alt=\"Expert Marketing digital madagascar\" width=\"720\" height=\"480\" srcset=\"https:\/\/www.sitrakaratsimba.com\/wp-content\/uploads\/2025\/02\/IMG_0502-1-1024x683.webp 1024w, https:\/\/www.sitrakaratsimba.com\/wp-content\/uploads\/2025\/02\/IMG_0502-1-300x200.webp 300w, https:\/\/www.sitrakaratsimba.com\/wp-content\/uploads\/2025\/02\/IMG_0502-1-768x512.webp 768w, https:\/\/www.sitrakaratsimba.com\/wp-content\/uploads\/2025\/02\/IMG_0502-1-1536x1024.webp 1536w, https:\/\/www.sitrakaratsimba.com\/wp-content\/uploads\/2025\/02\/IMG_0502-1-2048x1365.webp 2048w, https:\/\/www.sitrakaratsimba.com\/wp-content\/uploads\/2025\/02\/IMG_0502-1-272x182.webp 272w\" sizes=\"(max-width: 720px) 100vw, 720px\" \/><\/p><h2 style=\"text-align: justify;\">Languages and Public Speaking<\/h2><p>I have always dreamed of being as comfortable in the mentioned languages as I am when speaking my mother tongue. Starting with English, I feel it&#8217;s a long journey. I like to remind myself that a foreign language opens up a new world. That&#8217;s why I keep learning, reading, and connecting with people from different cultures and backgrounds. We are one!<\/p><h2 style=\"text-align: justify;\"><span style=\"font-size: 14pt;\"><strong>A vision<\/strong><\/span><\/h2><blockquote><p>Imagine&#8230; What if?<\/p><\/blockquote><p data-path-to-node=\"27\">Recently, discovering Naveen Jain&#8217;s lifestyle and TEDx videos, I noticed how much he loves to use these two phrases: Imagine that&#8230; What if? Yes, what if we inspired others through our actions? Imagine a world where everyone contributes to something, learns, grows, and supports others on their own journey.<\/p><p data-path-to-node=\"28\">My ultimate goal is to achieve financial freedom by becoming a serial entrepreneur. Only after that can I free up my time and focus on what I love most: teaching!<\/p><p data-path-to-node=\"29\">I have many inspiring role models such as Tony Robbins, Les Brown, Jim Rohn, Stephen Covey, Steve Pavlina, Yaro Starak, Tim Ferriss, Dan Lok, Olivier Roland, Lukas Mankow, and many others. All of them are committed to coaching, business, and mentorship.<\/p><blockquote><p><em><strong><span style=\"font-size: 14pt;\">You don&#8217;t have to be great to start but you have to start to be great (Zig Ziglar)<\/span><\/strong><\/em><\/p><\/blockquote><\/div><\/div><\/div><\/div><\/div><\/div>\t\t\t\t\t\t\t\t<\/div>\n\t\t\t\t<\/div>\n\t\t\t\t\t<\/div>\n\t\t<\/div>\n\t\t\t\t\t<\/div>\n\t\t<\/section>\n\t\t\t\t<\/div>","protected":false},"excerpt":{"rendered":"<p>https:\/\/www.youtube.com\/watch?v=mVowNdxEo_Ihttps:\/\/youtu.be\/92cmU-GVopE Welcome I help aspiring entrepreneurs who are dissatisfied with their lives create automated online businesses so they can enjoy financial and geographical freedom. Hi, I&#8217;m Sitraka Ratsimba, an enthusiastic digital nomad and a citizen of the world. I became a full-time blogger and business coach a year ago when I quit my corporate job. [&hellip;]<\/p>","protected":false},"author":1,"featured_media":0,"parent":0,"menu_order":0,"comment_status":"closed","ping_status":"closed","template":"","meta":{"_exactmetrics_skip_tracking":false,"_exactmetrics_sitenote_active":false,"_exactmetrics_sitenote_note":"","_exactmetrics_sitenote_category":0,"footnotes":""},"class_list":["post-3492","page","type-page","status-publish","hentry","post"],"yoast_head":"<!-- This site is optimized with the Yoast SEO plugin v26.3 - https:\/\/yoast.com\/wordpress\/plugins\/seo\/ -->\n<title>About - Sitraka Ratsimba - Marketing Digital Madagascar<\/title>\n<meta name=\"description\" content=\"Je suis Sitraka Ratsimba, sp\u00e9cialiste du marketing digital \u00e0 Madagascar. J&#039;aime partager et je peux vous aider \u00e0 \u00eatre plus visible en ligne.\" \/>\n<meta name=\"robots\" content=\"index, follow, max-snippet:-1, max-image-preview:large, max-video-preview:-1\" \/>\n<link rel=\"canonical\" href=\"https:\/\/www.sitrakaratsimba.com\/fr\/about\/\" \/>\n<meta property=\"og:locale\" content=\"fr_FR\" \/>\n<meta property=\"og:type\" content=\"article\" \/>\n<meta property=\"og:title\" content=\"About - Sitraka Ratsimba - Marketing Digital Madagascar\" \/>\n<meta property=\"og:description\" content=\"Je suis Sitraka Ratsimba, sp\u00e9cialiste du marketing digital \u00e0 Madagascar. J&#039;aime partager et je peux vous aider \u00e0 \u00eatre plus visible en ligne.\" \/>\n<meta property=\"og:url\" content=\"https:\/\/www.sitrakaratsimba.com\/fr\/about\/\" \/>\n<meta property=\"og:site_name\" content=\"Sitraka Ratsimba\" \/>\n<meta property=\"article:publisher\" content=\"https:\/\/www.facebook.com\/sitraka.ratsimba.1\" \/>\n<meta property=\"article:modified_time\" content=\"2025-11-15T06:47:12+00:00\" \/>\n<meta property=\"og:image\" content=\"https:\/\/www.sitrakaratsimba.com\/wp-content\/uploads\/2020\/03\/koko.jpg\" \/>\n\t<meta property=\"og:image:width\" content=\"2048\" \/>\n\t<meta property=\"og:image:height\" content=\"405\" \/>\n\t<meta property=\"og:image:type\" content=\"image\/jpeg\" \/>\n<meta name=\"twitter:card\" content=\"summary_large_image\" \/>\n<meta name=\"twitter:site\" content=\"@RatsimbaSitraka\" \/>\n<meta name=\"twitter:label1\" content=\"Dur\u00e9e de lecture estim\u00e9e\" \/>\n\t<meta name=\"twitter:data1\" content=\"4 minutes\" \/>\n<!-- \/ Yoast SEO plugin. -->","yoast_head_json":{"title":"About - Sitraka Ratsimba - Marketing Digital Madagascar","description":"Je suis Sitraka Ratsimba, sp\u00e9cialiste du marketing digital \u00e0 Madagascar. J'aime partager et je peux vous aider \u00e0 \u00eatre plus visible en ligne.","robots":{"index":"index","follow":"follow","max-snippet":"max-snippet:-1","max-image-preview":"max-image-preview:large","max-video-preview":"max-video-preview:-1"},"canonical":"https:\/\/www.sitrakaratsimba.com\/fr\/about\/","og_locale":"fr_FR","og_type":"article","og_title":"About - Sitraka Ratsimba - Marketing Digital Madagascar","og_description":"Je suis Sitraka Ratsimba, sp\u00e9cialiste du marketing digital \u00e0 Madagascar. J'aime partager et je peux vous aider \u00e0 \u00eatre plus visible en ligne.","og_url":"https:\/\/www.sitrakaratsimba.com\/fr\/about\/","og_site_name":"Sitraka Ratsimba","article_publisher":"https:\/\/www.facebook.com\/sitraka.ratsimba.1","article_modified_time":"2025-11-15T06:47:12+00:00","og_image":[{"width":2048,"height":405,"url":"https:\/\/www.sitrakaratsimba.com\/wp-content\/uploads\/2020\/03\/koko.jpg","type":"image\/jpeg"}],"twitter_card":"summary_large_image","twitter_site":"@RatsimbaSitraka","twitter_misc":{"Dur\u00e9e de lecture estim\u00e9e":"4 minutes"},"schema":{"@context":"https:\/\/schema.org","@graph":[{"@type":"WebPage","@id":"https:\/\/www.sitrakaratsimba.com\/about\/","url":"https:\/\/www.sitrakaratsimba.com\/about\/","name":"About - Sitraka Ratsimba - Marketing Digital Madagascar","isPartOf":{"@id":"https:\/\/www.sitrakaratsimba.com\/#website"},"primaryImageOfPage":{"@id":"https:\/\/www.sitrakaratsimba.com\/about\/#primaryimage"},"image":{"@id":"https:\/\/www.sitrakaratsimba.com\/about\/#primaryimage"},"thumbnailUrl":"https:\/\/www.sitrakaratsimba.com\/wp-content\/uploads\/2020\/03\/koko.jpg","datePublished":"2025-01-29T15:40:57+00:00","dateModified":"2025-11-15T06:47:12+00:00","description":"Je suis Sitraka Ratsimba, sp\u00e9cialiste du marketing digital \u00e0 Madagascar. J'aime partager et je peux vous aider \u00e0 \u00eatre plus visible en ligne.","breadcrumb":{"@id":"https:\/\/www.sitrakaratsimba.com\/about\/#breadcrumb"},"inLanguage":"fr-FR","potentialAction":[{"@type":"ReadAction","target":["https:\/\/www.sitrakaratsimba.com\/about\/"]}]},{"@type":"ImageObject","inLanguage":"fr-FR","@id":"https:\/\/www.sitrakaratsimba.com\/about\/#primaryimage","url":"https:\/\/www.sitrakaratsimba.com\/wp-content\/uploads\/2020\/03\/koko.jpg","contentUrl":"https:\/\/www.sitrakaratsimba.com\/wp-content\/uploads\/2020\/03\/koko.jpg"},{"@type":"BreadcrumbList","@id":"https:\/\/www.sitrakaratsimba.com\/about\/#breadcrumb","itemListElement":[{"@type":"ListItem","position":1,"name":"Home","item":"https:\/\/www.sitrakaratsimba.com\/"},{"@type":"ListItem","position":2,"name":"About"}]},{"@type":"WebSite","@id":"https:\/\/www.sitrakaratsimba.com\/#website","url":"https:\/\/www.sitrakaratsimba.com\/","name":"Sitraka Ratsimba","description":"Digital Marketing Madagascar","potentialAction":[{"@type":"SearchAction","target":{"@type":"EntryPoint","urlTemplate":"https:\/\/www.sitrakaratsimba.com\/?s={search_term_string}"},"query-input":{"@type":"PropertyValueSpecification","valueRequired":true,"valueName":"search_term_string"}}],"inLanguage":"fr-FR"}]}},"rttpg_featured_image_url":null,"rttpg_author":{"display_name":false,"author_link":"https:\/\/www.sitrakaratsimba.com\/fr\/author\/sitraka-ratsimba\/"},"rttpg_comment":0,"rttpg_category":null,"rttpg_excerpt":"https:\/\/www.youtube.com\/watch?v=mVowNdxEo_Ihttps:\/\/youtu.be\/92cmU-GVopE Welcome I help aspiring entrepreneurs who are dissatisfied with their lives create automated online businesses so they can enjoy financial and geographical freedom. Hi, I&#8217;m Sitraka Ratsimba, an enthusiastic digital nomad and a citizen of the world. I became a full-time blogger and business coach a year ago when I quit my corporate job.\u2026","_links":{"self":[{"href":"https:\/\/www.sitrakaratsimba.com\/fr\/wp-json\/wp\/v2\/pages\/3492","targetHints":{"allow":["GET"]}}],"collection":[{"href":"https:\/\/www.sitrakaratsimba.com\/fr\/wp-json\/wp\/v2\/pages"}],"about":[{"href":"https:\/\/www.sitrakaratsimba.com\/fr\/wp-json\/wp\/v2\/types\/page"}],"author":[{"embeddable":true,"href":"https:\/\/www.sitrakaratsimba.com\/fr\/wp-json\/wp\/v2\/users\/1"}],"replies":[{"embeddable":true,"href":"https:\/\/www.sitrakaratsimba.com\/fr\/wp-json\/wp\/v2\/comments?post=3492"}],"version-history":[{"count":11,"href":"https:\/\/www.sitrakaratsimba.com\/fr\/wp-json\/wp\/v2\/pages\/3492\/revisions"}],"predecessor-version":[{"id":3657,"href":"https:\/\/www.sitrakaratsimba.com\/fr\/wp-json\/wp\/v2\/pages\/3492\/revisions\/3657"}],"wp:attachment":[{"href":"https:\/\/www.sitrakaratsimba.com\/fr\/wp-json\/wp\/v2\/media?parent=3492"}],"curies":[{"name":"wp","href":"https:\/\/api.w.org\/{rel}","templated":true}]}}